{"id":42,"date":"2015-10-29T18:59:03","date_gmt":"2015-10-29T18:59:03","guid":{"rendered":"http:\/\/brela.com.hr\/about\/"},"modified":"2022-06-20T16:47:59","modified_gmt":"2022-06-20T16:47:59","slug":"about","status":"publish","type":"page","link":"https:\/\/brela.com.hr\/hr\/about\/","title":{"rendered":"O nama"},"content":{"rendered":"<p>[vc_row full_width=&#8221;stretch_row&#8221; parallax=&#8221;content-moving-fade&#8221; parallax_image=&#8221;698&#8243; enable_overlay=&#8221;true&#8221; bg_overlay=&#8221;rgba(0,0,0,0.3)&#8221;][vc_column][vc_empty_space]<div class=\"awe-special-heading text-center\" style=\"color:#f0f0f0;\"><h2>O NAMA<\/h2><\/div>[\/vc_column][\/vc_row][vc_row][vc_column width=&#8221;1\/2&#8243;][vc_single_image image=&#8221;675&#8243; img_size=&#8221;full&#8221;][\/vc_column][vc_column width=&#8221;1\/2&#8243;]<div class=\"awe-special-heading text-left\"><h2>LJETNI ODMOR U BRELIMA<\/h2><\/div>[vc_column_text size=&#8221;0&#8243;]Brela, poznata i kao biser Makarske rivijere, sastoje se od niza zaselaka u podno\u017eju velebne planine Biokovo. Breljansku obalu krasi pregr\u0161t prekrasnih \u0161ljun\u010danih pla\u017ea koje su lako dostupne ugodnom ure\u0111enom \u0161etnicom. Me\u0111u tim pla\u017eama, pla\u017ea Stomarica je jedna od najatraktivnijih i najcjenjenijih. Upravo na uzvisini iznad nje, u prvom redu do mora, smjestila se ku\u0107a Natalia.<\/p>\n<p>Na\u0161a obitelj ve\u0107 desetlje\u0107ima pru\u017ea dobrodo\u0161licu gostima iz Europe, a i \u0161ire. Gostoprimstvo je na\u0161 na\u010din \u017eivota, i stalo nam je do toga da va\u0161 odmor u Brelima bude nezaboravan.[\/vc_column_text][\/vc_column][\/vc_row][vc_row][vc_column width=&#8221;1\/2&#8243;]<div class=\"awe-special-heading text-left\"><h2>NA\u0160E OBE\u0106ANJE<\/h2><\/div>[vc_column_text size=&#8221;0&#8243;]U uvijek spojenom i u\u017eurbanom svijetu te\u0161ko je na\u0107i vrijeme i mjesto za isklju\u010diti se, bar na kratko. Koliko ste puta planirali opu\u0161taju\u0107i odmor, ali\u00a0upali\u00a0u jednu od brojnih klopka\u00a0za turiste?<\/p>\n<p>Iako industrijski turizam nije zaobi\u0161ao Hrvatsku,\u00a0pa ni Brela, u Brelima jo\u0161 uvijek mo\u017eete na\u0107i onu posebnu vrstu odmora, gdje se\u00a0<em>to\u0107ate<\/em>\u00a0u iskonskoj vodi ju\u017enog Jadrana, s glavom u prijatnom hladu borove \u0161ume, i jednostavno <em>gu\u0161tate<\/em>\u00a0sve \u0161to je dobro u \u017eivotu s va\u0161im najdra\u017eima.<\/p>\n<p>Ako vas zanima aktivniji odmor, i u tome Vam mo\u017eemo iza\u0107i u susret: canyoning po rijeci Cetini*, planinarenje po Biokovu*, ronjenje*, skijanje na vodi*, parasailing*, windsurfing*, no\u0107ni \u017eivot*, gastronomija* i mno\u0161tvo drugih aktivnosti.<\/p>\n<p>Koja god da bila Va\u0161a strast, dati \u0107emo sve od sebe da omogu\u0107imo\u00a0<em>Va\u0161<\/em> savr\u0161eni odmor.<\/p>\n<p><span style=\"color: #999999;\">(*) usluge tre\u0107ih strana, ovisno o dostupnosti.<\/span>[\/vc_column_text][\/vc_column][vc_column width=&#8221;1\/2&#8243;][vc_single_image image=&#8221;142&#8243; img_size=&#8221;full&#8221;][\/vc_column][\/vc_row][vc_row][vc_column width=&#8221;1\/2&#8243;][vc_single_image image=&#8221;212&#8243; img_size=&#8221;full&#8221;][\/vc_column][vc_column width=&#8221;1\/2&#8243;]<div class=\"awe-special-heading text-left\"><h2>NA\u0160A LOKACIJA<\/h2><\/div>[vc_column_text size=&#8221;0&#8243;]Brela su skup obalnih zaselaka, te nemaju samo jedan jedini centar mjesta.<\/p>\n<p>Na\u0161a ku\u0107a se nalazi pribli\u017eno<\/p>\n<ul>\n<li>40m od pla\u017ee\u00a0(kroz kratki puteljak i stepenice)<\/li>\n<li>500m od povijesnog centra\u00a0(koji uklju\u010duje crkvu),\u00a0u smjeru zapad<\/li>\n<li>1.5km od administrativnog centra\u00a0(\u0161kola, vatrogasci, itd.),\u00a0u smjeru istok<\/li>\n<li>2km od trgova\u010dkog sredi\u0161ta\u00a0(po\u0161ta, turisti\u010dka zajednica, zabavni sadr\u017eaji, ve\u0107ina du\u0107ana),\u00a0u smjeru jugoistok<\/li>\n<li>150m\u00a0od stare luke<\/li>\n<li>300m\u00a0od dva najbli\u017ea restorana<\/li>\n<li>50m od najbli\u017eeg kafi\u0107a.<\/li>\n<\/ul>\n<p>[\/vc_column_text][\/vc_column][\/vc_row][vc_row full_width=&#8221;stretch_row&#8221; parallax=&#8221;content-moving&#8221; parallax_image=&#8221;141&#8243; enable_overlay=&#8221;true&#8221; bg_overlay=&#8221;rgba(72,72,72,0.6)&#8221; css=&#8221;.vc_custom_1446306571507{padding-top: 50px !important;padding-bottom: 50px !important;}&#8221;][vc_column]<div class=\"awe-special-heading text-center\" style=\"color:#ffffff;\"><h2>NA\u0160I BROJEVI<\/h2><\/div>[vc_row_inner][vc_column_inner width=&#8221;1\/4&#8243;]\t\t<div class=\"statistics_item\">\n\t\t\t<span class=\"count\">6<\/span>\n\t\t\t<span>APARTMANA<\/span>\t\t<\/div>\n\t\t[\/vc_column_inner][vc_column_inner width=&#8221;1\/4&#8243;]\t\t<div class=\"statistics_item\">\n\t\t\t<span class=\"count\">51<\/span>\n\t\t\t<span>GODINE POSLOVANJA<\/span>\t\t<\/div>\n\t\t[\/vc_column_inner][vc_column_inner width=&#8221;1\/4&#8243;]\t\t<div class=\"statistics_item\">\n\t\t\t<span class=\"count\">40<\/span>\n\t\t\t<span>METARA OD MORA<\/span>\t\t<\/div>\n\t\t[\/vc_column_inner][vc_column_inner width=&#8221;1\/4&#8243;]\t\t<div class=\"statistics_item\">\n\t\t\t<span class=\"count\">1<\/span>\n\t\t\t<span>JEDINSTVENA LOKACIJA<\/span>\t\t<\/div>\n\t\t[\/vc_column_inner][\/vc_row_inner][\/vc_column][\/vc_row][vc_row][vc_column]<div class=\"awe-special-heading text-center\" style=\"color:#232323;\"><h2>TIM KU\u0106E NATALIA<\/h2><\/div>[\/vc_column][\/vc_row][vc_row][vc_column width=&#8221;1\/2&#8243;]        <!-- TEAM MEMBER -->\n        <div class=\"team_item text-center\">\n\n            <div class=\"img\">\n                <a href=\"\"><img decoding=\"async\" src=\"https:\/\/brela.com.hr\/wp-content\/uploads\/2015\/10\/darko-1-300x300.jpg\" alt=\"DARKO\"><\/a>\n            <\/div>\n\n            <div class=\"text\">\n                <h2>DARKO<\/h2>\n                                    <span>Doma\u0107in i menad\u017eer<\/span>\n                                                                <div class=\"team-share\">\n                    <a href=\"\" style=\"display:none\"><i class=\"fa fa-facebook\"><\/i><\/a><a href=\"\" style=\"display:none\"><i class=\"fa fa-google-plus\"><\/i><\/a><a href=\"\" style=\"display:none\"><i class=\"fa fa-twitter\"><\/i><\/a><a href=\"\" style=\"display:none\"><i class=\"fa fa-github\"><\/i><\/a><a href=\"\" style=\"display:none\"><i class=\"fa fa-instagram\"><\/i><\/a><a href=\"\" style=\"display:none\"><i class=\"fa fa-pinterest\"><\/i><\/a><a href=\"\" style=\"display:none\"><i class=\"fa fa-linkedin\"><\/i><\/a><a href=\"\" style=\"display:none\"><i class=\"fa fa-skype\"><\/i><\/a><a href=\"\" style=\"display:none\"><i class=\"fa fa-tumblr\"><\/i><\/a><a href=\"\" style=\"display:none\"><i class=\"fa fa-youtube\"><\/i><\/a><a href=\"\" style=\"display:none\"><i class=\"fa fa-vimeo-square\"><\/i><\/a><a href=\"\" style=\"display:none\"><i class=\"fa fa-flickr\"><\/i><\/a><a href=\"\" style=\"display:none\"><i class=\"fa fa-dribbble\"><\/i><\/a>                <\/div>\n            <\/div>\n\n        <\/div>\n        <!-- END \/ TEAM MEMBER -->\n        [\/vc_column][vc_column width=&#8221;1\/2&#8243;]        <!-- TEAM MEMBER -->\n        <div class=\"team_item text-center\">\n\n            <div class=\"img\">\n                <a href=\"\"><img decoding=\"async\" src=\"https:\/\/brela.com.hr\/wp-content\/uploads\/2015\/10\/edna-2-300x300.jpeg\" alt=\"EDNA\"><\/a>\n            <\/div>\n\n            <div class=\"text\">\n                <h2>EDNA<\/h2>\n                                    <span>Doma\u0107ica<\/span>\n                                                                <div class=\"team-share\">\n                    <a href=\"\" style=\"display:none\"><i class=\"fa fa-facebook\"><\/i><\/a><a href=\"\" style=\"display:none\"><i class=\"fa fa-google-plus\"><\/i><\/a><a href=\"\" style=\"display:none\"><i class=\"fa fa-twitter\"><\/i><\/a><a href=\"\" style=\"display:none\"><i class=\"fa fa-github\"><\/i><\/a><a href=\"\" style=\"display:none\"><i class=\"fa fa-instagram\"><\/i><\/a><a href=\"\" style=\"display:none\"><i class=\"fa fa-pinterest\"><\/i><\/a><a href=\"\" style=\"display:none\"><i class=\"fa fa-linkedin\"><\/i><\/a><a href=\"\" style=\"display:none\"><i class=\"fa fa-skype\"><\/i><\/a><a href=\"\" style=\"display:none\"><i class=\"fa fa-tumblr\"><\/i><\/a><a href=\"\" style=\"display:none\"><i class=\"fa fa-youtube\"><\/i><\/a><a href=\"\" style=\"display:none\"><i class=\"fa fa-vimeo-square\"><\/i><\/a><a href=\"\" style=\"display:none\"><i class=\"fa fa-flickr\"><\/i><\/a><a href=\"\" style=\"display:none\"><i class=\"fa fa-dribbble\"><\/i><\/a>                <\/div>\n            <\/div>\n\n        <\/div>\n        <!-- END \/ TEAM MEMBER -->\n        [\/vc_column][\/vc_row]<\/p>","protected":false},"excerpt":{"rendered":"<p>[vc_row full_width=&#8221;stretch_row&#8221; parallax=&#8221;content-moving-fade&#8221; parallax_image=&#8221;698&#8243; enable_overlay=&#8221;true&#8221; bg_overlay=&#8221;rgba(0,0,0,0.3)&#8221;][vc_column][vc_empty_space][\/vc_column][\/vc_row][vc_row][vc_column width=&#8221;1\/2&#8243;][vc_single_image image=&#8221;675&#8243; img_size=&#8221;full&#8221;][\/vc_column][vc_column width=&#8221;1\/2&#8243;][vc_column_text size=&#8221;0&#8243;]Brela, poznata i kao biser Makarske rivijere, sastoje se od niza zaselaka u podno\u017eju velebne planine Biokovo. Breljansku obalu krasi pregr\u0161t prekrasnih \u0161ljun\u010danih pla\u017ea koje su lako dostupne ugodnom ure\u0111enom \u0161etnicom. Me\u0111u tim pla\u017eama, pla\u017ea Stomarica je jedna od najatraktivnijih i najcjenjenijih. Upravo na uzvisini &hellip;<\/p>\n","protected":false},"author":1,"featured_media":0,"parent":0,"menu_order":0,"comment_status":"closed","ping_status":"closed","template":"","meta":{"footnotes":""},"class_list":["post-42","page","type-page","status-publish","hentry"],"_links":{"self":[{"href":"https:\/\/brela.com.hr\/hr\/wp-json\/wp\/v2\/pages\/42","targetHints":{"allow":["GET"]}}],"collection":[{"href":"https:\/\/brela.com.hr\/hr\/wp-json\/wp\/v2\/pages"}],"about":[{"href":"https:\/\/brela.com.hr\/hr\/wp-json\/wp\/v2\/types\/page"}],"author":[{"embeddable":true,"href":"https:\/\/brela.com.hr\/hr\/wp-json\/wp\/v2\/users\/1"}],"replies":[{"embeddable":true,"href":"https:\/\/brela.com.hr\/hr\/wp-json\/wp\/v2\/comments?post=42"}],"version-history":[{"count":37,"href":"https:\/\/brela.com.hr\/hr\/wp-json\/wp\/v2\/pages\/42\/revisions"}],"predecessor-version":[{"id":703,"href":"https:\/\/brela.com.hr\/hr\/wp-json\/wp\/v2\/pages\/42\/revisions\/703"}],"wp:attachment":[{"href":"https:\/\/brela.com.hr\/hr\/wp-json\/wp\/v2\/media?parent=42"}],"curies":[{"name":"wp","href":"https:\/\/api.w.org\/{rel}","templated":true}]}}